{"id":196,"date":"2021-11-28T13:36:40","date_gmt":"2021-11-28T13:36:40","guid":{"rendered":"https:\/\/mcote.ca\/?page_id=196"},"modified":"2021-12-12T16:01:37","modified_gmt":"2021-12-12T16:01:37","slug":"famille-et-amis","status":"publish","type":"page","link":"https:\/\/mcote.ca\/index.php\/famille-et-amis\/","title":{"rendered":"Famille et amis"},"content":{"rendered":"\n<div class=\"wp-block-media-text alignwide has-media-on-the-right is-stacked-on-mobile is-vertically-aligned-center\" style=\"grid-template-columns:auto 15%\"><figure class=\"wp-block-media-text__media\"><img decoding=\"async\" src=\"https:\/\/www.mcote.ca\/divers\/Estelle&amp;Remi\/Estelle&amp;Remi.JPG\" alt=\"\"\/><\/figure><div class=\"wp-block-media-text__content\">\n<p class=\"has-text-align-right has-large-font-size\"><a href=\"https:\/\/www.mcote.ca\/divers\/Estelle&amp;Remi\/album.html\">Estelle et R\u00e9mi<\/a><\/p>\n<\/div><\/div>\n\n\n\n<div class=\"wp-block-media-text alignwide has-media-on-the-right is-stacked-on-mobile\" style=\"grid-template-columns:auto 15%\"><figure class=\"wp-block-media-text__media\"><img decoding=\"async\" loading=\"lazy\" width=\"1024\" height=\"1024\" src=\"https:\/\/mcote.ca\/wp-content\/uploads\/2021\/12\/20211118_110446_2-1024x1024.jpg\" alt=\"\" class=\"wp-image-298 size-full\" srcset=\"https:\/\/mcote.ca\/wp-content\/uploads\/2021\/12\/20211118_110446_2-1024x1024.jpg 1024w, https:\/\/mcote.ca\/wp-content\/uploads\/2021\/12\/20211118_110446_2-300x300.jpg 300w, https:\/\/mcote.ca\/wp-content\/uploads\/2021\/12\/20211118_110446_2-768x768.jpg 768w, https:\/\/mcote.ca\/wp-content\/uploads\/2021\/12\/20211118_110446_2-1536x1536.jpg 1536w, https:\/\/mcote.ca\/wp-content\/uploads\/2021\/12\/20211118_110446_2-2048x2048.jpg 2048w, https:\/\/mcote.ca\/wp-content\/uploads\/2021\/12\/20211118_110446_2-1568x1568.jpg 1568w\" sizes=\"(max-width: 1024px) 100vw, 1024px\" \/><\/figure><div class=\"wp-block-media-text__content\">\n<p class=\"has-text-align-right has-large-font-size\"><a href=\"https:\/\/photos.app.goo.gl\/7xVzJEQqtx4ziUzGA\">Miss Daisy<\/a><\/p>\n<\/div><\/div>\n\n\n\n<div class=\"wp-block-media-text alignwide has-media-on-the-right is-stacked-on-mobile is-vertically-aligned-center\" style=\"grid-template-columns:auto 15%\"><figure class=\"wp-block-media-text__media\"><img decoding=\"async\" src=\"https:\/\/www.mcote.ca\/divers\/80e-nancy\/Maman_enfants.jpg\" alt=\"\"\/><\/figure><div class=\"wp-block-media-text__content\">\n<p class=\"has-text-align-right has-large-font-size\"><a href=\"https:\/\/www.mcote.ca\/divers\/80e-nancy\/album.html\">80e Nancy (mars 2007)<\/a><\/p>\n<\/div><\/div>\n\n\n\n<div class=\"wp-block-media-text alignwide has-media-on-the-right is-stacked-on-mobile\" style=\"grid-template-columns:auto 15%\"><figure class=\"wp-block-media-text__media\"><img decoding=\"async\" src=\"https:\/\/www.mcote.ca\/divers\/40e-romain\/IMG_1558.JPG\" alt=\"\"\/><\/figure><div class=\"wp-block-media-text__content\">\n<p class=\"has-text-align-right has-large-font-size\"><a href=\"https:\/\/www.mcote.ca\/divers\/40e-romain\/album.html\">40e Romain (juin 2006)<\/a><\/p>\n<\/div><\/div>\n\n\n\n<div class=\"wp-block-media-text alignwide has-media-on-the-right is-stacked-on-mobile\" style=\"grid-template-columns:auto 15%\"><figure class=\"wp-block-media-text__media\"><img decoding=\"async\" src=\"https:\/\/www.mcote.ca\/divers\/25-dec-2005\/1024x768_0014.JPG\" alt=\"\"\/><\/figure><div class=\"wp-block-media-text__content\">\n<p class=\"has-text-align-right has-large-font-size\"><a href=\"https:\/\/www.mcote.ca\/divers\/25-dec-2005\/album.html\">Noel (decembre 2005)<\/a><\/p>\n<\/div><\/div>\n\n\n\n<div class=\"wp-block-media-text alignwide has-media-on-the-right is-stacked-on-mobile\" style=\"grid-template-columns:auto 15%\"><figure class=\"wp-block-media-text__media\"><img decoding=\"async\" src=\"https:\/\/www.mcote.ca\/divers\/41e-martin\/1024x768_0010.JPG\" alt=\"\"\/><\/figure><div class=\"wp-block-media-text__content\">\n<p class=\"has-text-align-right has-large-font-size\"><a href=\"https:\/\/www.mcote.ca\/divers\/41e-martin\/album.html\">41e Martin (octobre 2005)<\/a><\/p>\n<\/div><\/div>\n\n\n\n<div class=\"wp-block-media-text alignwide has-media-on-the-right is-stacked-on-mobile\" style=\"grid-template-columns:auto 15%\"><figure class=\"wp-block-media-text__media\"><img decoding=\"async\" src=\"https:\/\/www.mcote.ca\/divers\/Tremblant\/800x600_0001.JPG\" alt=\"\"\/><\/figure><div class=\"wp-block-media-text__content\">\n<p class=\"has-text-align-right has-large-font-size\"><a href=\"https:\/\/www.mcote.ca\/divers\/Tremblant\/album.html\">Jamil Tremblant (ao\u00fbt 2005)<\/a><\/p>\n<\/div><\/div>\n\n\n\n<div class=\"wp-block-media-text alignwide has-media-on-the-right is-stacked-on-mobile\" style=\"grid-template-columns:auto 15%\"><figure class=\"wp-block-media-text__media\"><img decoding=\"async\" src=\"https:\/\/www.mcote.ca\/divers\/Mireille\/800x600_0003.JPG\" alt=\"\"\/><\/figure><div class=\"wp-block-media-text__content\">\n<p class=\"has-text-align-right has-large-font-size\"><a href=\"https:\/\/www.mcote.ca\/divers\/Mireille\/album.html\">Souper pour Mireille (juin 2005)<\/a><\/p>\n<\/div><\/div>\n\n\n\n<div class=\"wp-block-media-text alignwide has-media-on-the-right is-stacked-on-mobile\" style=\"grid-template-columns:auto 15%\"><figure class=\"wp-block-media-text__media\"><img decoding=\"async\" src=\"https:\/\/www.mcote.ca\/divers\/SS-Lachine\/800x600_0012.JPG\" alt=\"\"\/><\/figure><div class=\"wp-block-media-text__content\">\n<p class=\"has-text-align-right has-large-font-size\"><a href=\"https:\/\/www.mcote.ca\/divers\/SS-Lachine\/album.html\">Bateau dragon \u00e0 Lachine (juin 2005)<\/a><\/p>\n<\/div><\/div>\n\n\n\n<div class=\"wp-block-media-text alignwide has-media-on-the-right is-stacked-on-mobile\" style=\"grid-template-columns:auto 15%\"><figure class=\"wp-block-media-text__media\"><img decoding=\"async\" src=\"https:\/\/www.mcote.ca\/divers\/Roche-Cote\/800x600_0001.JPG\" alt=\"\"\/><\/figure><div class=\"wp-block-media-text__content\">\n<p class=\"has-text-align-right has-large-font-size\"><a href=\"https:\/\/www.mcote.ca\/divers\/Roche-Cote\/album.html\">Souper Roche-Cot\u00e9 (avril 2005)<\/a><\/p>\n<\/div><\/div>\n\n\n\n<div class=\"wp-block-media-text alignwide has-media-on-the-right is-stacked-on-mobile\" style=\"grid-template-columns:auto 15%\"><figure class=\"wp-block-media-text__media\"><img decoding=\"async\" src=\"https:\/\/www.mcote.ca\/divers\/St-Hilaire\/800x600_0011.JPG\" alt=\"\"\/><\/figure><div class=\"wp-block-media-text__content\">\n<p class=\"has-text-align-right has-large-font-size\"><a href=\"https:\/\/www.mcote.ca\/divers\/St-Hilaire\/album.html\">Mont St-Hilaire (mars 2005)<\/a><\/p>\n<\/div><\/div>\n\n\n\n<div class=\"wp-block-media-text alignwide has-media-on-the-right is-stacked-on-mobile\" style=\"grid-template-columns:auto 15%\"><figure class=\"wp-block-media-text__media\"><img decoding=\"async\" src=\"https:\/\/www.mcote.ca\/im\/P010007.jpg\" alt=\"\"\/><\/figure><div class=\"wp-block-media-text__content\">\n<p class=\"has-text-align-right has-large-font-size\"><a href=\"https:\/\/www.mcote.ca\/Peche.html\">Kan \u00e0 Mouche (mai 2004)<\/a><\/p>\n<\/div><\/div>\n","protected":false},"excerpt":{"rendered":"<p>Estelle et R\u00e9mi Miss Daisy 80e Nancy (mars 2007) 40e Romain (juin 2006) Noel (decembre 2005) 41e Martin (octobre 2005) Jamil Tremblant (ao\u00fbt 2005) Souper pour Mireille (juin 2005) Bateau dragon \u00e0 Lachine (juin 2005) Souper Roche-Cot\u00e9 (avril 2005) Mont St-Hilaire (mars 2005) Kan \u00e0 Mouche (mai 2004)<\/p>\n","protected":false},"author":1,"featured_media":289,"parent":0,"menu_order":0,"comment_status":"closed","ping_status":"closed","template":"","meta":{"om_disable_all_campaigns":false,"_mi_skip_tracking":false},"aioseo_notices":[],"_links":{"self":[{"href":"https:\/\/mcote.ca\/index.php\/wp-json\/wp\/v2\/pages\/196"}],"collection":[{"href":"https:\/\/mcote.ca\/index.php\/wp-json\/wp\/v2\/pages"}],"about":[{"href":"https:\/\/mcote.ca\/index.php\/wp-json\/wp\/v2\/types\/page"}],"author":[{"embeddable":true,"href":"https:\/\/mcote.ca\/index.php\/wp-json\/wp\/v2\/users\/1"}],"replies":[{"embeddable":true,"href":"https:\/\/mcote.ca\/index.php\/wp-json\/wp\/v2\/comments?post=196"}],"version-history":[{"count":15,"href":"https:\/\/mcote.ca\/index.php\/wp-json\/wp\/v2\/pages\/196\/revisions"}],"predecessor-version":[{"id":299,"href":"https:\/\/mcote.ca\/index.php\/wp-json\/wp\/v2\/pages\/196\/revisions\/299"}],"wp:featuredmedia":[{"embeddable":true,"href":"https:\/\/mcote.ca\/index.php\/wp-json\/wp\/v2\/media\/289"}],"wp:attachment":[{"href":"https:\/\/mcote.ca\/index.php\/wp-json\/wp\/v2\/media?parent=196"}],"curies":[{"name":"wp","href":"https:\/\/api.w.org\/{rel}","templated":true}]}}